{"id":826,"date":"2025-03-05T12:39:05","date_gmt":"2025-03-05T12:39:05","guid":{"rendered":"https:\/\/rumb.upc.edu\/?page_id=826"},"modified":"2026-02-11T09:36:28","modified_gmt":"2026-02-11T09:36:28","slug":"premis","status":"publish","type":"page","link":"https:\/\/rumb.upc.edu\/index.php\/premis\/","title":{"rendered":"PREMIS RUMB"},"content":{"rendered":"\n<blockquote class=\"wp-block-quote has-base-background-color has-background is-layout-flow wp-block-quote-is-layout-flow\">\n<p class=\"has-text-align-center has-large-font-size\"><strong>Premis RUMB &#8211; UPC<\/strong><\/p>\n\n\n\n<p class=\"has-text-align-center has-small-font-size\" style=\"padding-top:0;padding-right:var(--wp--preset--spacing--10);padding-bottom:0;padding-left:var(--wp--preset--spacing--10);font-style:normal;font-weight:300\"><em>Arranquen els premis RUMB!<\/em><\/p>\n\n\n\n<p class=\"has-text-align-center has-small-font-size\" style=\"padding-top:0;padding-right:0;padding-bottom:0;padding-left:0;font-style:normal;font-weight:300\">Un concurs orientat a estudiants de batxillerat, grau o m\u00e0ster que vulguin desenvolupar els seus treballs finals en relaci\u00f3 a la regeneraci\u00f3 urbana del territori del Bes\u00f2s.<\/p>\n<\/blockquote>\n\n\n\n<div id=\"wp-block-themeisle-blocks-advanced-columns-dfd643f3\" class=\"wp-block-themeisle-blocks-advanced-columns alignfull has-3-columns has-desktop-equal-layout has-tablet-equal-layout has-mobile-collapsedRows-layout has-reverse-columns-mobile has-vertical-center ticss-c00aadba\"><div class=\"wp-block-themeisle-blocks-advanced-columns-overlay\"><\/div><div class=\"innerblocks-wrap\">\n<div id=\"wp-block-themeisle-blocks-advanced-column-127ec10e\" class=\"wp-block-themeisle-blocks-advanced-column\">\n<div class=\"wp-block-cover\" style=\"min-height:100vh;aspect-ratio:unset;\"><img loading=\"lazy\" decoding=\"async\" width=\"2480\" height=\"3508\" class=\"wp-block-cover__image-background wp-image-830\" alt=\"\" src=\"https:\/\/rumb.upc.edu\/wp-content\/uploads\/2025\/03\/POSTER_TR_baixa.png\" data-object-fit=\"cover\" srcset=\"https:\/\/rumb.upc.edu\/wp-content\/uploads\/2025\/03\/POSTER_TR_baixa.png 2480w, https:\/\/rumb.upc.edu\/wp-content\/uploads\/2025\/03\/POSTER_TR_baixa-212x300.png 212w, https:\/\/rumb.upc.edu\/wp-content\/uploads\/2025\/03\/POSTER_TR_baixa-724x1024.png 724w, https:\/\/rumb.upc.edu\/wp-content\/uploads\/2025\/03\/POSTER_TR_baixa-768x1086.png 768w, https:\/\/rumb.upc.edu\/wp-content\/uploads\/2025\/03\/POSTER_TR_baixa-1086x1536.png 1086w, https:\/\/rumb.upc.edu\/wp-content\/uploads\/2025\/03\/POSTER_TR_baixa-1448x2048.png 1448w\" sizes=\"auto, (max-width: 2480px) 100vw, 2480px\" \/><span aria-hidden=\"true\" class=\"wp-block-cover__background has-background-dim\" style=\"background-color:#9b6753\"><\/span><div class=\"wp-block-cover__inner-container is-layout-flow wp-block-cover-is-layout-flow\">\n<h2 class=\"wp-block-heading has-text-align-center has-base-2-color has-text-color has-xx-large-font-size\" id=\"people\"><strong>TR<\/strong><\/h2>\n\n\n\n<div class=\"wp-block-buttons is-content-justification-center is-layout-flex wp-container-core-buttons-is-layout-a89b3969 wp-block-buttons-is-layout-flex\">\n<div class=\"wp-block-button is-style-primary\"><a class=\"wp-block-button__link has-base-2-background-color has-text-color has-background has-link-color wp-element-button\" href=\"#recerca\" style=\"color:#a04d31\"><strong>Saber-ne m\u00e9s<\/strong><\/a><\/div>\n<\/div>\n<\/div><\/div>\n<\/div>\n\n\n\n<div id=\"wp-block-themeisle-blocks-advanced-column-eefb8312\" class=\"wp-block-themeisle-blocks-advanced-column\">\n<div class=\"wp-block-cover is-light\" style=\"min-height:100vh;aspect-ratio:unset;\"><img loading=\"lazy\" decoding=\"async\" width=\"2480\" height=\"3508\" class=\"wp-block-cover__image-background wp-image-829\" alt=\"\" src=\"https:\/\/rumb.upc.edu\/wp-content\/uploads\/2025\/03\/POSTER_TFM_baixa.png\" data-object-fit=\"cover\" srcset=\"https:\/\/rumb.upc.edu\/wp-content\/uploads\/2025\/03\/POSTER_TFM_baixa.png 2480w, https:\/\/rumb.upc.edu\/wp-content\/uploads\/2025\/03\/POSTER_TFM_baixa-212x300.png 212w, https:\/\/rumb.upc.edu\/wp-content\/uploads\/2025\/03\/POSTER_TFM_baixa-724x1024.png 724w, https:\/\/rumb.upc.edu\/wp-content\/uploads\/2025\/03\/POSTER_TFM_baixa-768x1086.png 768w, https:\/\/rumb.upc.edu\/wp-content\/uploads\/2025\/03\/POSTER_TFM_baixa-1086x1536.png 1086w, https:\/\/rumb.upc.edu\/wp-content\/uploads\/2025\/03\/POSTER_TFM_baixa-1448x2048.png 1448w\" sizes=\"auto, (max-width: 2480px) 100vw, 2480px\" \/><span aria-hidden=\"true\" class=\"wp-block-cover__background has-background-dim\" style=\"background-color:#b1ada6\"><\/span><div class=\"wp-block-cover__inner-container is-layout-flow wp-block-cover-is-layout-flow\">\n<h2 class=\"wp-block-heading has-text-align-center has-base-2-color has-text-color has-xx-large-font-size\" id=\"buildings\"><strong>TFM<\/strong><\/h2>\n\n\n\n<div class=\"wp-block-buttons is-content-justification-center is-layout-flex wp-container-core-buttons-is-layout-a89b3969 wp-block-buttons-is-layout-flex\">\n<div class=\"wp-block-button is-style-primary is-style-fill\"><a class=\"wp-block-button__link has-base-2-color has-text-color has-background has-link-color wp-element-button\" href=\"#master\" style=\"background-color:#395057\"><strong>Saber-ne m\u00e9s<\/strong><\/a><\/div>\n<\/div>\n<\/div><\/div>\n<\/div>\n\n\n\n<div id=\"wp-block-themeisle-blocks-advanced-column-9136d16a\" class=\"wp-block-themeisle-blocks-advanced-column\">\n<div class=\"wp-block-cover\" style=\"min-height:100vh;aspect-ratio:unset;\"><img loading=\"lazy\" decoding=\"async\" width=\"2480\" height=\"3508\" class=\"wp-block-cover__image-background wp-image-929\" alt=\"\" src=\"https:\/\/rumb.upc.edu\/wp-content\/uploads\/2025\/03\/POSTER_TFG_compressed.png\" data-object-fit=\"cover\" srcset=\"https:\/\/rumb.upc.edu\/wp-content\/uploads\/2025\/03\/POSTER_TFG_compressed.png 2480w, https:\/\/rumb.upc.edu\/wp-content\/uploads\/2025\/03\/POSTER_TFG_compressed-212x300.png 212w, https:\/\/rumb.upc.edu\/wp-content\/uploads\/2025\/03\/POSTER_TFG_compressed-724x1024.png 724w, https:\/\/rumb.upc.edu\/wp-content\/uploads\/2025\/03\/POSTER_TFG_compressed-768x1086.png 768w, https:\/\/rumb.upc.edu\/wp-content\/uploads\/2025\/03\/POSTER_TFG_compressed-1086x1536.png 1086w, https:\/\/rumb.upc.edu\/wp-content\/uploads\/2025\/03\/POSTER_TFG_compressed-1448x2048.png 1448w\" sizes=\"auto, (max-width: 2480px) 100vw, 2480px\" \/><span aria-hidden=\"true\" class=\"wp-block-cover__background has-background-dim\" style=\"background-color:#626151\"><\/span><div class=\"wp-block-cover__inner-container is-layout-flow wp-block-cover-is-layout-flow\">\n<h2 class=\"wp-block-heading has-text-align-center has-base-2-color has-text-color has-xx-large-font-size\" id=\"nature\"><strong>TFG<\/strong><\/h2>\n\n\n\n<div class=\"wp-block-buttons is-content-justification-center is-layout-flex wp-container-core-buttons-is-layout-a89b3969 wp-block-buttons-is-layout-flex\">\n<div class=\"wp-block-button is-style-primary\"><a class=\"wp-block-button__link has-base-2-background-color has-text-color has-background has-link-color wp-element-button\" href=\"#grau\" style=\"color:#60603c\"><strong>Saber-ne m\u00e9s<\/strong><\/a><\/div>\n<\/div>\n<\/div><\/div>\n<\/div>\n<\/div><\/div>\n\n\n\n<hr class=\"wp-block-separator has-text-color has-contrast-3-color has-alpha-channel-opacity has-contrast-3-background-color has-background is-style-dots\" id=\"recerca\"\/>\n\n\n\n<div class=\"wp-block-group alignfull TR has-accent-background-color has-background has-global-padding is-layout-constrained wp-container-core-group-is-layout-f6cc5ae6 wp-block-group-is-layout-constrained\" style=\"margin-top:0;margin-bottom:0;padding-top:var(--wp--preset--spacing--30);padding-right:var(--wp--preset--spacing--50);padding-bottom:var(--wp--preset--spacing--30);padding-left:var(--wp--preset--spacing--50)\">\n<div class=\"wp-block-columns alignwide is-layout-flex wp-container-core-columns-is-layout-1da03c2a wp-block-columns-is-layout-flex\">\n<div class=\"wp-block-column is-vertically-aligned-stretch is-layout-flow wp-block-column-is-layout-flow\" style=\"flex-basis:50%\">\n<p class=\"has-mundial-font-family has-xx-large-font-size\" style=\"font-style:normal;font-weight:600;line-height:1.2\">Treball final de recerca (TR)<\/p>\n\n\n\n<p class=\"has-contrast-color has-text-color has-link-color has-small-font-size wp-elements-c9ec03ff99da2163a817a6c527e5fd90 wp-container-content-0733e5d0\">Dirigit a aquells estudiants de Batxillerat dels instituts p\u00fablics del Baix Bes\u00f2s* que hagin presentat els seus Treballs de Recerca durant els cursos 2024-2025 i\/o 2025-2026 sobre la tem\u00e0tica exposada.<\/p>\n\n\n\n<p class=\"has-small-font-size\">Descarrega&#8217;t les bases del concurs del TR i informa&#8217;t de tot el proc\u00e9s. <\/p>\n\n\n\n<div class=\"wp-block-group has-global-padding is-content-justification-left is-layout-constrained wp-container-core-group-is-layout-9fe8ed88 wp-block-group-is-layout-constrained\">\n<div class=\"wp-block-buttons is-layout-flex wp-block-buttons-is-layout-flex\">\n<div class=\"wp-block-button has-custom-width wp-block-button__width-75 is-style-fill\"><a class=\"wp-block-button__link has-base-2-color has-text-color has-background has-link-color has-small-font-size has-custom-font-size wp-element-button\" href=\"https:\/\/rumb.upc.edu\/wp-content\/uploads\/2025\/03\/BASES-CONCURS_TR_3_compressed.pdf\" style=\"background-color:#a04d31;padding-top:var(--wp--preset--spacing--10);padding-right:0;padding-bottom:var(--wp--preset--spacing--10);padding-left:0\" target=\"_blank\" rel=\"noreferrer noopener\"> Bases del concurs <strong>(TR)<\/strong><\/a><\/div>\n<\/div>\n<\/div>\n<\/div>\n\n\n\n<div class=\"wp-block-column is-vertically-aligned-center is-layout-flow wp-block-column-is-layout-flow\" style=\"flex-basis:50%\">\n<figure class=\"wp-block-image size-large is-resized has-custom-border is-style-rounded is-style-rounded--1\"><img loading=\"lazy\" decoding=\"async\" width=\"724\" height=\"1024\" src=\"https:\/\/rumb.upc.edu\/wp-content\/uploads\/2025\/03\/POSTER_TR_baixa-724x1024.png\" alt=\"\" class=\"wp-image-830\" style=\"border-radius:0px;aspect-ratio:0.75;object-fit:contain;width:508px;height:auto\" srcset=\"https:\/\/rumb.upc.edu\/wp-content\/uploads\/2025\/03\/POSTER_TR_baixa-724x1024.png 724w, https:\/\/rumb.upc.edu\/wp-content\/uploads\/2025\/03\/POSTER_TR_baixa-212x300.png 212w, https:\/\/rumb.upc.edu\/wp-content\/uploads\/2025\/03\/POSTER_TR_baixa-768x1086.png 768w, https:\/\/rumb.upc.edu\/wp-content\/uploads\/2025\/03\/POSTER_TR_baixa-1086x1536.png 1086w, https:\/\/rumb.upc.edu\/wp-content\/uploads\/2025\/03\/POSTER_TR_baixa-1448x2048.png 1448w\" sizes=\"auto, (max-width: 724px) 100vw, 724px\" \/><\/figure>\n<\/div>\n<\/div>\n<\/div>\n\n\n\n<hr class=\"wp-block-separator has-text-color has-contrast-3-color has-alpha-channel-opacity has-contrast-3-background-color has-background is-style-dots\" id=\"master\"\/>\n\n\n\n<div class=\"wp-block-group alignfull has-accent-background-color has-background has-global-padding is-layout-constrained wp-container-core-group-is-layout-f6cc5ae6 wp-block-group-is-layout-constrained\" style=\"margin-top:0;margin-bottom:0;padding-top:var(--wp--preset--spacing--30);padding-right:var(--wp--preset--spacing--50);padding-bottom:var(--wp--preset--spacing--30);padding-left:var(--wp--preset--spacing--50)\">\n<div class=\"wp-block-columns alignwide is-layout-flex wp-container-core-columns-is-layout-1da03c2a wp-block-columns-is-layout-flex\">\n<div class=\"wp-block-column is-vertically-aligned-stretch is-layout-flow wp-block-column-is-layout-flow\" style=\"flex-basis:50%\">\n<p class=\"has-mundial-font-family has-xx-large-font-size\" style=\"font-style:normal;font-weight:600;line-height:1.2\">Treball final de M\u00e0ster (TFM)<\/p>\n\n\n\n<p class=\"has-contrast-color has-text-color has-link-color has-small-font-size wp-elements-066087e1bbc5b2f13a742b7062ebe14c wp-container-content-0733e5d0\">Dirigit als estudiants dels m\u00e0sters Marq, MBArch,<br>MBLandArch i Mismec que presentin els seus treballs finals de M\u00e0ster a les convocat\u00f2ries del 2023\/2024 o 2024\/2025 sobre la tem\u00e0tica exposada.<\/p>\n\n\n\n<p class=\"has-contrast-color has-text-color has-link-color has-small-font-size wp-elements-a027703f99c10dffff3f94f0f9ea4f38 wp-container-content-0733e5d0\">Descarrega&#8217;t les bases del concurs del TFG i informa&#8217;t de tot el proc\u00e9s.<\/p>\n\n\n\n<div class=\"wp-block-group has-global-padding is-content-justification-left is-layout-constrained wp-container-core-group-is-layout-9fe8ed88 wp-block-group-is-layout-constrained\">\n<div class=\"wp-block-buttons is-layout-flex wp-block-buttons-is-layout-flex\">\n<div class=\"wp-block-button has-custom-width wp-block-button__width-75 is-style-fill\"><a class=\"wp-block-button__link has-base-2-color has-text-color has-background has-link-color has-small-font-size has-custom-font-size wp-element-button\" href=\"https:\/\/rumb.upc.edu\/wp-content\/uploads\/2025\/03\/BASES-CONCURS_TFM_2_compressed.pdf\" style=\"background-color:#395057;padding-top:var(--wp--preset--spacing--10);padding-right:0;padding-bottom:var(--wp--preset--spacing--10);padding-left:0\" target=\"_blank\" rel=\"noreferrer noopener\">Bases del concurs <strong>(TFM)<\/strong><\/a><\/div>\n<\/div>\n<\/div>\n<\/div>\n\n\n\n<div class=\"wp-block-column is-vertically-aligned-center is-layout-flow wp-block-column-is-layout-flow\" style=\"flex-basis:50%\">\n<figure class=\"wp-block-image size-large is-resized has-custom-border is-style-rounded is-style-rounded--2\"><img loading=\"lazy\" decoding=\"async\" width=\"724\" height=\"1024\" src=\"https:\/\/rumb.upc.edu\/wp-content\/uploads\/2025\/03\/POSTER_TFM_baixa-724x1024.png\" alt=\"\" class=\"wp-image-829\" style=\"border-radius:0px;aspect-ratio:0.75;object-fit:contain;width:508px;height:auto\" srcset=\"https:\/\/rumb.upc.edu\/wp-content\/uploads\/2025\/03\/POSTER_TFM_baixa-724x1024.png 724w, https:\/\/rumb.upc.edu\/wp-content\/uploads\/2025\/03\/POSTER_TFM_baixa-212x300.png 212w, https:\/\/rumb.upc.edu\/wp-content\/uploads\/2025\/03\/POSTER_TFM_baixa-768x1086.png 768w, https:\/\/rumb.upc.edu\/wp-content\/uploads\/2025\/03\/POSTER_TFM_baixa-1086x1536.png 1086w, https:\/\/rumb.upc.edu\/wp-content\/uploads\/2025\/03\/POSTER_TFM_baixa-1448x2048.png 1448w\" sizes=\"auto, (max-width: 724px) 100vw, 724px\" \/><\/figure>\n<\/div>\n<\/div>\n<\/div>\n\n\n\n<hr class=\"wp-block-separator has-text-color has-contrast-3-color has-alpha-channel-opacity has-contrast-3-background-color has-background is-style-dots\" id=\"grau\"\/>\n\n\n\n<div class=\"wp-block-group alignfull has-accent-background-color has-background has-global-padding is-layout-constrained wp-container-core-group-is-layout-f6cc5ae6 wp-block-group-is-layout-constrained\" style=\"margin-top:0;margin-bottom:0;padding-top:var(--wp--preset--spacing--30);padding-right:var(--wp--preset--spacing--50);padding-bottom:var(--wp--preset--spacing--30);padding-left:var(--wp--preset--spacing--50)\">\n<div class=\"wp-block-columns alignwide is-layout-flex wp-container-core-columns-is-layout-1da03c2a wp-block-columns-is-layout-flex\">\n<div class=\"wp-block-column is-vertically-aligned-stretch is-layout-flow wp-block-column-is-layout-flow\" style=\"flex-basis:50%\">\n<p class=\"has-mundial-font-family has-xx-large-font-size\" style=\"font-style:normal;font-weight:600;line-height:1.2\">Treball final de Grau (TFG)<\/p>\n\n\n\n<p class=\"has-contrast-color has-text-color has-link-color has-small-font-size wp-elements-f8a86fe338681c4f8848d32ce140521c wp-container-content-0733e5d0\">Dirigit a  els estudiants de grau d\u2019Arquitectura o Urbanisme que<br>presentin els seus treballs finals de grau a les convocat\u00f2ries del 2023\/2024 o 2024\/2025 sobre la tem\u00e0tica exposada.<\/p>\n\n\n\n<p class=\"has-contrast-color has-text-color has-link-color has-small-font-size wp-elements-a027703f99c10dffff3f94f0f9ea4f38 wp-container-content-0733e5d0\">Descarrega&#8217;t les bases del concurs del TFG i informa&#8217;t de tot el proc\u00e9s.<\/p>\n\n\n\n<div class=\"wp-block-group has-global-padding is-content-justification-left is-layout-constrained wp-container-core-group-is-layout-9fe8ed88 wp-block-group-is-layout-constrained\">\n<div class=\"wp-block-buttons is-layout-flex wp-block-buttons-is-layout-flex\">\n<div class=\"wp-block-button has-custom-width wp-block-button__width-75 is-style-fill\"><a class=\"wp-block-button__link has-base-2-color has-text-color has-background has-link-color has-small-font-size has-custom-font-size wp-element-button\" href=\"https:\/\/rumb.upc.edu\/wp-content\/uploads\/2025\/03\/BASES-CONCURS_TFG_3.pdf\" style=\"background-color:#60603c;padding-top:var(--wp--preset--spacing--10);padding-right:0;padding-bottom:var(--wp--preset--spacing--10);padding-left:0\" target=\"_blank\" rel=\"noreferrer noopener\"> Bases del concurs <strong>(TFG)<\/strong><\/a><\/div>\n<\/div>\n<\/div>\n<\/div>\n\n\n\n<div class=\"wp-block-column is-vertically-aligned-center is-layout-flow wp-block-column-is-layout-flow\" style=\"flex-basis:50%\">\n<figure class=\"wp-block-image size-large is-resized has-custom-border is-style-rounded is-style-rounded--3\"><img loading=\"lazy\" decoding=\"async\" width=\"724\" height=\"1024\" src=\"https:\/\/rumb.upc.edu\/wp-content\/uploads\/2025\/03\/POSTER_TFG_compressed-724x1024.png\" alt=\"\" class=\"wp-image-929\" style=\"border-radius:0px;aspect-ratio:0.75;object-fit:contain;width:508px;height:auto\" srcset=\"https:\/\/rumb.upc.edu\/wp-content\/uploads\/2025\/03\/POSTER_TFG_compressed-724x1024.png 724w, https:\/\/rumb.upc.edu\/wp-content\/uploads\/2025\/03\/POSTER_TFG_compressed-212x300.png 212w, https:\/\/rumb.upc.edu\/wp-content\/uploads\/2025\/03\/POSTER_TFG_compressed-768x1086.png 768w, https:\/\/rumb.upc.edu\/wp-content\/uploads\/2025\/03\/POSTER_TFG_compressed-1086x1536.png 1086w, https:\/\/rumb.upc.edu\/wp-content\/uploads\/2025\/03\/POSTER_TFG_compressed-1448x2048.png 1448w\" sizes=\"auto, (max-width: 724px) 100vw, 724px\" \/><\/figure>\n<\/div>\n<\/div>\n<\/div>\n\n\n\n<div class=\"wp-block-buttons is-content-justification-center is-layout-flex wp-container-core-buttons-is-layout-a89b3969 wp-block-buttons-is-layout-flex\">\n<div class=\"wp-block-button has-custom-width wp-block-button__width-50\"><a class=\"wp-block-button__link has-background wp-element-button\" href=\"https:\/\/rumb.upc.edu\/index.php\/guanyadors-premis-rumb\/\" style=\"background-color:#a04d31\"><strong>Descobreix els guanyadors<\/strong><\/a><\/div>\n<\/div>\n\n\n\n<p><\/p>\n","protected":false},"excerpt":{"rendered":"<p>Premis RUMB &#8211; UPC Arranquen els premis RUMB! Un concurs orientat a estudiants de batxillerat, grau o m\u00e0ster que vulguin desenvolupar els seus treballs finals en relaci\u00f3 a la regeneraci\u00f3 urbana del territori del Bes\u00f2s. Treball final de recerca (TR) Dirigit a aquells estudiants de Batxillerat dels instituts p\u00fablics del Baix Bes\u00f2s* que hagin presentat [&hellip;]<\/p>\n","protected":false},"author":2,"featured_media":0,"parent":0,"menu_order":0,"comment_status":"closed","ping_status":"closed","template":"page-no-title","meta":{"_themeisle_gutenberg_block_has_review":false,"footnotes":""},"class_list":["post-826","page","type-page","status-publish","hentry"],"_links":{"self":[{"href":"https:\/\/rumb.upc.edu\/index.php\/wp-json\/wp\/v2\/pages\/826","targetHints":{"allow":["GET"]}}],"collection":[{"href":"https:\/\/rumb.upc.edu\/index.php\/wp-json\/wp\/v2\/pages"}],"about":[{"href":"https:\/\/rumb.upc.edu\/index.php\/wp-json\/wp\/v2\/types\/page"}],"author":[{"embeddable":true,"href":"https:\/\/rumb.upc.edu\/index.php\/wp-json\/wp\/v2\/users\/2"}],"replies":[{"embeddable":true,"href":"https:\/\/rumb.upc.edu\/index.php\/wp-json\/wp\/v2\/comments?post=826"}],"version-history":[{"count":7,"href":"https:\/\/rumb.upc.edu\/index.php\/wp-json\/wp\/v2\/pages\/826\/revisions"}],"predecessor-version":[{"id":1320,"href":"https:\/\/rumb.upc.edu\/index.php\/wp-json\/wp\/v2\/pages\/826\/revisions\/1320"}],"wp:attachment":[{"href":"https:\/\/rumb.upc.edu\/index.php\/wp-json\/wp\/v2\/media?parent=826"}],"curies":[{"name":"wp","href":"https:\/\/api.w.org\/{rel}","templated":true}]}}