{"id":1371,"date":"2026-03-26T19:13:17","date_gmt":"2026-03-26T19:13:17","guid":{"rendered":"https:\/\/rumb.upc.edu\/?page_id=1371"},"modified":"2026-03-26T22:17:07","modified_gmt":"2026-03-26T22:17:07","slug":"taules-de-treball","status":"publish","type":"page","link":"https:\/\/rumb.upc.edu\/index.php\/taules-de-treball\/","title":{"rendered":"Taules de Treball"},"content":{"rendered":"\n<div class=\"wp-block-group alignfull has-base-background-color has-background has-global-padding is-layout-constrained wp-container-core-group-is-layout-c04e4622 wp-block-group-is-layout-constrained\" style=\"border-top-left-radius:40px;border-top-right-radius:40px;border-bottom-left-radius:40px;border-bottom-right-radius:40px;margin-top:0;margin-bottom:0;padding-top:0;padding-right:var(--wp--preset--spacing--40);padding-bottom:0;padding-left:var(--wp--preset--spacing--40)\">\n<h2 class=\"wp-block-heading has-text-align-center is-style-default\" style=\"font-size:clamp(1.403rem, 1.403rem + ((1vw - 0.2rem) * 1.495), 2.3rem);font-style:normal;font-weight:600\">Sostenir la transformaci\u00f3: Un recorregut per les conclusions sobre futur, sostenibilitat i identitat del Baix Bes\u00f2s<\/h2>\n\n\n\n<h2 class=\"wp-block-heading alignwide has-text-align-center is-style-default has-base-background-color has-background has-mundial-font-family\" id=\"we-re-a-studio-in-berlin-with-an-international-practice-in-architecture-urban-planning-and-interior-design-we-believe-in-sharing-knowledge-and-promoting-dialogue-to-increase-the-creative-potential-of-collaboration\" style=\"border-top-left-radius:28px;border-top-right-radius:28px;border-bottom-left-radius:28px;border-bottom-right-radius:28px;font-size:clamp(14px, 0.875rem + ((1vw - 3.2px) * 0.417), 18px);font-style:normal;font-weight:300;line-height:1.3\">*En el marc de la Jornada RUMB, es van dur a terme diverses sessions de co-creaci\u00f3 estructurades a partir de taules de treball a porta tancada, reunint perfils t\u00e8cnics de l\u2019administraci\u00f3 p\u00fablica, centres d\u2019investigaci\u00f3 i entitats socials.<\/h2>\n\n\n\n<div class=\"wp-block-columns alignfull are-vertically-aligned-top has-base-2-background-color has-background is-layout-flex wp-container-core-columns-is-layout-65eef5bf wp-block-columns-is-layout-flex\">\n<div class=\"wp-block-column is-vertically-aligned-top is-layout-flow wp-block-column-is-layout-flow\" style=\"padding-top:var(--wp--preset--spacing--10);padding-right:var(--wp--preset--spacing--20);padding-bottom:var(--wp--preset--spacing--10);padding-left:var(--wp--preset--spacing--20)\">\n<p style=\"font-size:clamp(14px, 0.875rem + ((1vw - 3.2px) * 0.417), 18px);px;font-style:normal;font-weight:300\">Les tres taules coincideixen en una idea de fons: el Baix Bes\u00f2s no pot llegir-se com una suma de municipis, projectes o problemes a\u00efllats, sin\u00f3 com un territori complex on es conflueixen reptes de transformaci\u00f3 urbana, desigualtat social, identitat territorial, infraestructures, gesti\u00f3 p\u00fablica i vulnerabilitat ambiental.<\/p>\n\n\n\n<p style=\"font-size:clamp(14px, 0.875rem + ((1vw - 3.2px) * 0.417), 18px);px;font-style:normal;font-weight:300\">De manera transversal apareixen diversos consensos. D&#8217;una banda, la necessitat de superar la fragmentaci\u00f3, tant f\u00edsica com administrativa i simb\u00f2lica. D\u2019altra banda, la import\u00e0ncia de connectar escales: des dels grans sistemes metropolitans fins a la vida quotidiana dels barris. <\/p>\n<\/div>\n\n\n\n<div class=\"wp-block-column is-vertically-aligned-top is-layout-flow wp-block-column-is-layout-flow\" style=\"padding-top:var(--wp--preset--spacing--10);padding-right:var(--wp--preset--spacing--20);padding-bottom:var(--wp--preset--spacing--10);padding-left:var(--wp--preset--spacing--20)\">\n<p style=\"font-size:clamp(14px, 0.875rem + ((1vw - 3.2px) * 0.417), 18px);px\">Tamb\u00e9 es repeteix una idea central: no n&#8217;hi ha prou amb invertir o projectar, fa falta governan\u00e7a, continu\u00eftat institucional, teixit comunitari i capacitat de sostenir les transformacions en el temps.<\/p>\n\n\n\n<p style=\"font-size:clamp(14px, 0.875rem + ((1vw - 3.2px) * 0.417), 18px);\">En conjunt, les taules dibuixen, defineixen i insisteixen en un Baix Bes\u00f2s ent\u00e8s no com a perif\u00e8ria residual, sin\u00f3 com a territori estrat\u00e8gic, amb actius ambientals, productius, socials i culturals, per\u00f2 tamb\u00e9 amb tensions molt marcades entre creixement econ\u00f2mic, cohesi\u00f3 social, identitat territorial i just\u00edcia espacial.<\/p>\n<\/div>\n<\/div>\n\n\n\n<p class=\"has-text-align-center has-contrast-color has-text-color has-link-color has-medium-font-size wp-elements-fa3e748e621bc51388a9fcda70b9bad6\" id=\"we-re-a-studio-in-berlin-with-an-international-practice-in-architecture-urban-planning-and-interior-design-we-believe-in-sharing-knowledge-and-promoting-dialogue-to-increase-the-creative-potential-of-collaboration\" style=\"text-decoration:underline\"><strong>3 tem\u00e0tiques clau<\/strong><\/p>\n\n\n\n<div class=\"wp-block-group alignwide has-global-padding is-layout-constrained wp-block-group-is-layout-constrained\">\n<div class=\"wp-block-columns alignwide is-layout-flex wp-container-core-columns-is-layout-d0bbbce0 wp-block-columns-is-layout-flex\">\n<div class=\"wp-block-column is-layout-flow wp-container-core-column-is-layout-e3d1c41b wp-block-column-is-layout-flow\">\n<h3 class=\"wp-block-heading has-text-align-left is-style-default has-mundial-font-family has-large-font-size\" style=\"font-style:normal;font-weight:600\">Projectes de futur<\/h3>\n\n\n\n<p class=\"has-text-align-left\">Pensar el Baix Bes\u00f2s com un territori en transformaci\u00f3: qu\u00e8 es vol fer, com i per a qui?<\/p>\n<\/div>\n\n\n\n<div class=\"wp-block-column is-layout-flow wp-container-core-column-is-layout-e3d1c41b wp-block-column-is-layout-flow\">\n<h3 class=\"wp-block-heading has-text-align-left is-style-default has-mundial-font-family has-large-font-size\" style=\"font-style:normal;font-weight:600\">Identitat metropolitana<\/h3>\n\n\n\n<p class=\"has-text-align-left\">Com es construeix el relat, la mem\u00f2ria i el sentit de pertinen\u00e7a del Baix Bes\u00f2s dins de la metr\u00f2polis. Quines particularitats t\u00e9 per conformar una identitat pr\u00f2pia, singular.<br><\/p>\n<\/div>\n\n\n\n<div class=\"wp-block-column is-layout-flow wp-container-core-column-is-layout-e3d1c41b wp-block-column-is-layout-flow\">\n<h3 class=\"wp-block-heading has-text-align-left is-style-default has-mundial-font-family has-large-font-size\" style=\"font-style:normal;font-weight:600\">Sostenibilitat<\/h3>\n\n\n\n<p class=\"has-text-align-left\">Mirar el Baix Bes\u00f2s des de la perspectiva ambiental, social i econ\u00f2mica.<\/p>\n<\/div>\n<\/div>\n<\/div>\n<\/div>\n\n\n\n<div style=\"height:25px\" aria-hidden=\"true\" class=\"wp-block-spacer\"><\/div>\n\n\n\n<div class=\"wp-block-group alignwide has-base-background-color has-background has-global-padding is-layout-constrained wp-container-core-group-is-layout-5263a229 wp-block-group-is-layout-constrained\" style=\"margin-top:0;margin-bottom:0;padding-top:0;padding-right:var(--wp--preset--spacing--50);padding-bottom:0;padding-left:var(--wp--preset--spacing--50)\">\n<div class=\"wp-block-group has-global-padding is-layout-constrained wp-container-core-group-is-layout-650790e1 wp-block-group-is-layout-constrained\">\n<p class=\"has-text-align-center\" style=\"text-decoration:underline\">Llegeix aqu\u00ed les reflexions de les taules:<\/p>\n\n\n\n<div style=\"height:0px\" aria-hidden=\"true\" class=\"wp-block-spacer\"><\/div>\n<\/div>\n<\/div>\n\n\n\n<p class=\"has-text-align-center\"><div class=\"_df_book df-lite\" id=\"df_1443\"  _slug=\"projectes-de-futur\" data-title=\"projectes-de-futur\" wpoptions=\"true\" thumbtype=\"\" ><\/div><script class=\"df-shortcode-script\" nowprocket type=\"application\/javascript\">window.option_df_1443 = {\"webgl\":\"true\",\"outline\":[],\"backgroundColor\":\"#D6D2CE\",\"autoEnableOutline\":\"false\",\"autoEnableThumbnail\":\"false\",\"overwritePDFOutline\":\"false\",\"direction\":\"1\",\"pageSize\":\"0\",\"source\":\"https:\\\/\\\/rumb.upc.edu\\\/wp-content\\\/uploads\\\/2026\\\/03\\\/TAULES_A_PROJECTES-DE-FUTUR_WEB.pdf\",\"wpOptions\":\"true\"}; if(window.DFLIP && window.DFLIP.parseBooks){window.DFLIP.parseBooks();}<\/script><\/p>\n\n\n\n<div class=\"wp-block-buttons is-content-justification-center is-layout-flex wp-container-core-buttons-is-layout-890cd1d2 wp-block-buttons-is-layout-flex\" style=\"margin-top:var(--wp--preset--spacing--10);margin-bottom:var(--wp--preset--spacing--10);padding-top:var(--wp--preset--spacing--10);padding-bottom:var(--wp--preset--spacing--10)\">\n<div class=\"wp-block-button has-custom-width wp-block-button__width-75\"><a class=\"wp-block-button__link has-background wp-element-button\" href=\"https:\/\/rumb.upc.edu\/wp-content\/uploads\/GENERALS\/TAULES_A_PROJECTES%20DE%20FUTUR.pdf\" style=\"background-color:#a04d31\" target=\"_blank\" rel=\"noreferrer noopener\"><strong>Descarrega&#8217;l aqu\u00ed<\/strong><\/a><\/div>\n<\/div>\n\n\n\n<div style=\"margin-top:0;margin-bottom:0;height:35px\" aria-hidden=\"true\" class=\"wp-block-spacer\"><\/div>\n\n\n\n<p class=\"has-text-align-center\"><div class=\"_df_book df-lite\" id=\"df_1440\"  _slug=\"identitat\" data-title=\"identitat\" wpoptions=\"true\" thumbtype=\"\" ><\/div><script class=\"df-shortcode-script\" nowprocket type=\"application\/javascript\">window.option_df_1440 = {\"outline\":[],\"backgroundColor\":\"#D6D2CE\",\"height\":\"0\",\"autoEnableOutline\":\"false\",\"autoEnableThumbnail\":\"false\",\"overwritePDFOutline\":\"false\",\"direction\":\"1\",\"pageSize\":\"0\",\"pageMode\":\"2\",\"maxTextureSize\":\"2048\",\"source\":\"https:\\\/\\\/rumb.upc.edu\\\/wp-content\\\/uploads\\\/2026\\\/03\\\/TAULES_B_IDENTITAT_WEB.pdf\",\"wpOptions\":\"true\"}; if(window.DFLIP && window.DFLIP.parseBooks){window.DFLIP.parseBooks();}<\/script><\/p>\n\n\n\n<div class=\"wp-block-buttons is-content-justification-center is-layout-flex wp-container-core-buttons-is-layout-edc27698 wp-block-buttons-is-layout-flex\" style=\"margin-top:var(--wp--preset--spacing--10);margin-bottom:var(--wp--preset--spacing--10);padding-top:var(--wp--preset--spacing--10);padding-bottom:var(--wp--preset--spacing--10)\">\n<div class=\"wp-block-button has-custom-width wp-block-button__width-75\"><a class=\"wp-block-button__link has-background wp-element-button\" href=\"https:\/\/rumb.upc.edu\/wp-content\/uploads\/GENERALS\/TAULES_B_IDENTITAT%20METROPOLITANA.pdf\" style=\"background-color:#395057\" target=\"_blank\" rel=\"noreferrer noopener\"><strong>Descarrega&#8217;l aqu\u00ed<\/strong><\/a><\/div>\n<\/div>\n\n\n\n<div style=\"margin-top:0;margin-bottom:0;height:35px\" aria-hidden=\"true\" class=\"wp-block-spacer\"><\/div>\n\n\n\n<p class=\"has-text-align-center\"><div class=\"_df_book df-lite\" id=\"df_1446\"  _slug=\"sostenibilitat\" data-title=\"sostenibilitat\" wpoptions=\"true\" thumbtype=\"\" ><\/div><script class=\"df-shortcode-script\" nowprocket type=\"application\/javascript\">window.option_df_1446 = {\"webgl\":\"true\",\"outline\":[],\"backgroundColor\":\"#D6D2CE\",\"viewerType\":\"flipbook\",\"autoEnableOutline\":\"false\",\"autoEnableThumbnail\":\"false\",\"overwritePDFOutline\":\"false\",\"direction\":\"1\",\"pageSize\":\"0\",\"maxTextureSize\":\"2048\",\"source\":\"https:\\\/\\\/rumb.upc.edu\\\/wp-content\\\/uploads\\\/2026\\\/03\\\/TAULES_C_SOSTENIBILITAT_WEB.pdf\",\"wpOptions\":\"true\"}; if(window.DFLIP && window.DFLIP.parseBooks){window.DFLIP.parseBooks();}<\/script><\/p>\n\n\n\n<div class=\"wp-block-buttons is-content-justification-center is-layout-flex wp-container-core-buttons-is-layout-890cd1d2 wp-block-buttons-is-layout-flex\" style=\"margin-top:var(--wp--preset--spacing--10);margin-bottom:var(--wp--preset--spacing--10);padding-top:var(--wp--preset--spacing--10);padding-bottom:var(--wp--preset--spacing--10)\">\n<div class=\"wp-block-button has-custom-width wp-block-button__width-75\"><a class=\"wp-block-button__link has-background wp-element-button\" href=\"https:\/\/rumb.upc.edu\/wp-content\/uploads\/GENERALS\/TAULES_C_SOSTENIBILITAT.pdf\" style=\"background-color:#60603c\" target=\"_blank\" rel=\"noreferrer noopener\"><strong>Descarrega&#8217;l aqu\u00ed<\/strong><\/a><\/div>\n<\/div>\n\n\n\n<div style=\"margin-top:0;margin-bottom:0;height:35px\" aria-hidden=\"true\" class=\"wp-block-spacer\"><\/div>\n\n\n\n<div class=\"wp-block-columns alignwide is-layout-flex wp-container-core-columns-is-layout-28f84493 wp-block-columns-is-layout-flex\">\n<div class=\"wp-block-column is-layout-flow wp-block-column-is-layout-flow\" style=\"flex-basis:100%\">\n<figure class=\"wp-block-gallery alignwide has-nested-images columns-default is-cropped has-base-background-color has-background wp-block-gallery-1 is-layout-flex wp-block-gallery-is-layout-flex\">\n<figure class=\"wp-block-image size-large\"><img loading=\"lazy\" decoding=\"async\" width=\"1024\" height=\"768\" data-id=\"1419\" src=\"https:\/\/rumb.upc.edu\/wp-content\/uploads\/2026\/03\/MOCKUP_PROJECTES-DE-FUTUR-1-1024x768.jpg\" alt=\"\" class=\"wp-image-1419\" srcset=\"https:\/\/rumb.upc.edu\/wp-content\/uploads\/2026\/03\/MOCKUP_PROJECTES-DE-FUTUR-1-1024x768.jpg 1024w, https:\/\/rumb.upc.edu\/wp-content\/uploads\/2026\/03\/MOCKUP_PROJECTES-DE-FUTUR-1-300x225.jpg 300w, https:\/\/rumb.upc.edu\/wp-content\/uploads\/2026\/03\/MOCKUP_PROJECTES-DE-FUTUR-1-768x576.jpg 768w, https:\/\/rumb.upc.edu\/wp-content\/uploads\/2026\/03\/MOCKUP_PROJECTES-DE-FUTUR-1-1536x1152.jpg 1536w, https:\/\/rumb.upc.edu\/wp-content\/uploads\/2026\/03\/MOCKUP_PROJECTES-DE-FUTUR-1-2048x1536.jpg 2048w\" sizes=\"auto, (max-width: 1024px) 100vw, 1024px\" \/><\/figure>\n\n\n\n<figure class=\"wp-block-image size-large\"><img loading=\"lazy\" decoding=\"async\" width=\"1024\" height=\"768\" data-id=\"1420\" src=\"https:\/\/rumb.upc.edu\/wp-content\/uploads\/2026\/03\/MOCKUP_IDENTITAT-METROPOLITANA-1-1024x768.jpg\" alt=\"\" class=\"wp-image-1420\" srcset=\"https:\/\/rumb.upc.edu\/wp-content\/uploads\/2026\/03\/MOCKUP_IDENTITAT-METROPOLITANA-1-1024x768.jpg 1024w, https:\/\/rumb.upc.edu\/wp-content\/uploads\/2026\/03\/MOCKUP_IDENTITAT-METROPOLITANA-1-300x225.jpg 300w, https:\/\/rumb.upc.edu\/wp-content\/uploads\/2026\/03\/MOCKUP_IDENTITAT-METROPOLITANA-1-768x576.jpg 768w, https:\/\/rumb.upc.edu\/wp-content\/uploads\/2026\/03\/MOCKUP_IDENTITAT-METROPOLITANA-1-1536x1152.jpg 1536w, https:\/\/rumb.upc.edu\/wp-content\/uploads\/2026\/03\/MOCKUP_IDENTITAT-METROPOLITANA-1-2048x1536.jpg 2048w\" sizes=\"auto, (max-width: 1024px) 100vw, 1024px\" \/><\/figure>\n\n\n\n<figure class=\"wp-block-image size-large\"><img loading=\"lazy\" decoding=\"async\" width=\"1024\" height=\"768\" data-id=\"1421\" src=\"https:\/\/rumb.upc.edu\/wp-content\/uploads\/2026\/03\/MOCKUP_SOSTENIBILITAT-1-1024x768.jpg\" alt=\"\" class=\"wp-image-1421\" srcset=\"https:\/\/rumb.upc.edu\/wp-content\/uploads\/2026\/03\/MOCKUP_SOSTENIBILITAT-1-1024x768.jpg 1024w, https:\/\/rumb.upc.edu\/wp-content\/uploads\/2026\/03\/MOCKUP_SOSTENIBILITAT-1-300x225.jpg 300w, https:\/\/rumb.upc.edu\/wp-content\/uploads\/2026\/03\/MOCKUP_SOSTENIBILITAT-1-768x576.jpg 768w, https:\/\/rumb.upc.edu\/wp-content\/uploads\/2026\/03\/MOCKUP_SOSTENIBILITAT-1-1536x1152.jpg 1536w, https:\/\/rumb.upc.edu\/wp-content\/uploads\/2026\/03\/MOCKUP_SOSTENIBILITAT-1-2048x1536.jpg 2048w\" sizes=\"auto, (max-width: 1024px) 100vw, 1024px\" \/><\/figure>\n<\/figure>\n<\/div>\n<\/div>\n\n\n\n<h2 class=\"wp-block-heading has-text-align-center is-style-asterisk has-text-color has-link-color has-large-font-size wp-elements-31139878652ddc96752660dff5207da2\" style=\"color:#a04d31;text-decoration:underline\"><mark style=\"background-color:rgba(0, 0, 0, 0)\" class=\"has-inline-color has-contrast-color\">  <strong>Lectura transversal<\/strong>  <\/mark><\/h2>\n\n\n\n<div class=\"wp-block-columns alignwide is-layout-flex wp-container-core-columns-is-layout-28f84493 wp-block-columns-is-layout-flex\">\n<div class=\"wp-block-column is-layout-flow wp-block-column-is-layout-flow\" style=\"flex-basis:100%\">\n<div class=\"wp-block-group has-global-padding is-layout-constrained wp-block-group-is-layout-constrained\">\n<div class=\"wp-block-columns alignwide is-layout-flex wp-container-core-columns-is-layout-fc3f74e4 wp-block-columns-is-layout-flex\" style=\"padding-right:var(--wp--preset--spacing--30);padding-left:var(--wp--preset--spacing--30)\">\n<div class=\"wp-block-column is-layout-flow wp-block-column-is-layout-flow\" style=\"flex-basis:50%\">\n<p class=\"has-mundial-font-family\" style=\"font-size:clamp(14px, 0.875rem + ((1vw - 3.2px) * 0.417), 18px);\">El conjunt de les tres taules no nom\u00e9s construeix un diagn\u00f2stic compartit, sin\u00f3 que obre una manera diferent de mirar i operar sobre el territori del Baix Bes\u00f2s. M\u00e9s enll\u00e0 de les tem\u00e0tiques espec\u00edfiques, projecte, identitat i sostenibilitat; emergeix una idea transversal: el territori no \u00e9s \u00fanicament un suport f\u00edsic, sin\u00f3 un sistema viu on interactuen infraestructures, comunitats, mem\u00f2ries, economies i ecosistemes en tensi\u00f3 constant. <\/p>\n\n\n\n<p class=\"has-mundial-font-family\" style=\"font-size:clamp(14px, 0.875rem + ((1vw - 3.2px) * 0.417), 18px);\">Aquesta relatoria posa de manifest que els principals reptes no es troben en la manca d\u2019idees o d\u2019inversions, com en la dificultat de construir continu\u00eftats: continu\u00eftat entre escales, entre actors, entre pol\u00edtiques i, sobretot, entre el temps curt dels projectes i el temps llarg dels processos territorials. El Baix Bes\u00f2s es revela aix\u00ed com un espai on les fractures f\u00edsiques, socials i institucionals no nom\u00e9s s\u2019han de corregir, sin\u00f3 que han de ser compreses com a punt de partida per a noves formes d\u2019articulaci\u00f3. <\/p>\n\n\n\n<p class=\"has-mundial-font-family\" style=\"font-size:clamp(14px, 0.875rem + ((1vw - 3.2px) * 0.417), 18px);\">En aquest sentit, parlar de futur implica assumir una certa complexitat irreductible. No es tracta de simplificar el territori, sin\u00f3 de dotar-lo d\u2019eines que permetin gestionar aquesta complexitat: instruments de governan\u00e7a m\u00e9s integrats, projectes capa\u00e7os de connectar amb la vida quotidiana, i relats que reconeguin tant la diversitat com les desigualtats existents. <\/p>\n<\/div>\n\n\n\n<div class=\"wp-block-column has-base-background-color has-background is-layout-flow wp-block-column-is-layout-flow\" style=\"flex-basis:50%\">\n<p class=\"has-mundial-font-family\" style=\"font-size:clamp(14px, 0.875rem + ((1vw - 3.2px) * 0.417), 18px);\">La sostenibilitat, entesa en un sentit ampli, apareix com el marc que pot donar coher\u00e8ncia a aquestes dimensions, sempre que incorpori la just\u00edcia territorial i el dret a romandre com a principis centrals. <\/p>\n\n\n\n<p class=\"has-mundial-font-family\" style=\"font-size:clamp(14px, 0.875rem + ((1vw - 3.2px) * 0.417), 18px);\">Alhora, es fa evident que el Baix Bes\u00f2s no pot continuar sent pensat des d\u2019una posici\u00f3 perif\u00e8rica subordinada. La seva condici\u00f3 metropolitana, la concentraci\u00f3 d\u2019infraestructures, la pres\u00e8ncia d\u2019actius ambientals i la riquesa social i cultural el situen com un territori estrat\u00e8gic. Per\u00f2 aquesta centralitat potencial nom\u00e9s es podr\u00e0 desplegar si es construeix des del reconeixement de les seves pr\u00f2pies l\u00f2giques internes i no des de models importats o homogene\u00eftzadors. El treball des d&#8217;aquesta mirada apunta cap a una q\u00fcesti\u00f3 fonamental: la necessitat de generar espais de di\u00e0leg continuat. <\/p>\n\n\n\n<p class=\"has-mundial-font-family\" style=\"font-size:clamp(14px, 0.875rem + ((1vw - 3.2px) * 0.417), 18px);\">El treball des d&#8217;aquesta mirada apunta cap a una q\u00fcesti\u00f3 fonamental: la necessitat de generar espais de di\u00e0leg continuat. Aquesta relatoria no hauria de ser entesa com un document tancat, sin\u00f3 com una base per continuar treballant, contrastant i aprofundint col\u00b7lectivament. El territori, com les identitats que l\u2019habiten, no \u00e9s est\u00e0tic; per tant, les eines per pensar-lo i transformar-lo tampoc poden ser-ho.<\/p>\n<\/div>\n<\/div>\n<\/div>\n<\/div>\n<\/div>\n\n\n\n<p class=\"has-text-color has-link-color wp-elements-1c6b7aa54d790f59322d4bd1a8911f8a\" style=\"color:#a04d31\"><strong>Preguntes clau per a futurs espais de treball<\/strong><\/p>\n\n\n\n<div id=\"wp-block-themeisle-blocks-accordion-38cd6f13\" class=\"wp-block-themeisle-blocks-accordion exclusive no-gap\">\n<details class=\"wp-block-themeisle-blocks-accordion-item\"><summary class=\"wp-block-themeisle-blocks-accordion-item__title\"><div><strong>GOVERNAN\u00c7A<\/strong><\/div><\/summary><div class=\"wp-block-themeisle-blocks-accordion-item__content\">\n<p style=\"font-size:clamp(14px, 0.875rem + ((1vw - 3.2px) * 0.417), 18px);\">Com es poden construir instruments de governan\u00e7a que operin realment a escala del Baix Bes\u00f2s, superant la fragmentaci\u00f3 municipal sense perdre la proximitat amb els barris?<\/p>\n<\/div><\/details>\n\n\n\n<details class=\"wp-block-themeisle-blocks-accordion-item\"><summary class=\"wp-block-themeisle-blocks-accordion-item__title\"><div><strong>TRANSVERSALITAT<\/strong><\/div><\/summary><div class=\"wp-block-themeisle-blocks-accordion-item__content\">\n<p style=\"font-size:clamp(14px, 0.875rem + ((1vw - 3.2px) * 0.417), 18px);\">De quina manera es poden articular projectes urbans que integrin simult\u00e0niament activitat productiva, habitatge i sostenibilitat, evitant processos d\u2019expulsi\u00f3 o especialitzaci\u00f3 excessiva del territori?<\/p>\n<\/div><\/details>\n\n\n\n<details class=\"wp-block-themeisle-blocks-accordion-item\"><summary class=\"wp-block-themeisle-blocks-accordion-item__title\"><div><strong>HABITABILITAT<\/strong><\/div><\/summary><div class=\"wp-block-themeisle-blocks-accordion-item__content\">\n<p style=\"font-size:clamp(14px, 0.875rem + ((1vw - 3.2px) * 0.417), 18px);\">Com es poden traduir les grans infraestructures i sistemes ambientals en millores tangibles en la vida quotidiana de les poblacions m\u00e9s vulnerables?<\/p>\n<\/div><\/details>\n\n\n\n<details class=\"wp-block-themeisle-blocks-accordion-item\"><summary class=\"wp-block-themeisle-blocks-accordion-item__title\"><div><strong>PARTICIPACI\u00d3<\/strong><\/div><\/summary><div class=\"wp-block-themeisle-blocks-accordion-item__content\">\n<p style=\"font-size:clamp(14px, 0.875rem + ((1vw - 3.2px) * 0.417), 18px);\">Quines formes de participaci\u00f3 i implicaci\u00f3 comunit\u00e0ria poden garantir que les transformacions territorials siguin sostingudes, inclusives i arrelades en el temps?<br><\/p>\n<\/div><\/details>\n\n\n\n<details class=\"wp-block-themeisle-blocks-accordion-item\"><summary class=\"wp-block-themeisle-blocks-accordion-item__title\"><div><strong>NARRATIVA<\/strong><\/div><\/summary><div class=\"wp-block-themeisle-blocks-accordion-item__content\">\n<p style=\"font-size:clamp(14px, 0.875rem + ((1vw - 3.2px) * 0.417), 18px);\">Com construir un relat metropolit\u00e0 del Baix Bes\u00f2s que reconegui la seva diversitat interna sense diluir-la dins d\u2019una narrativa centralitzada?<\/p>\n<\/div><\/details>\n<\/div>\n\n\n\n<p><\/p>\n\n\n\n<blockquote class=\"wp-block-quote alignwide is-layout-flow wp-block-quote-is-layout-flow\">\n<p class=\"has-text-align-center\" style=\"font-size:clamp(0.929rem, 0.929rem + ((1vw - 0.2rem) * 0.785), 1.4rem);\"><em>Aquestes preguntes no tanquen el debat, sin\u00f3 que el projecten envers el futur. S\u00f3n una invitaci\u00f3 a continuar treballant des d\u2019una aproximaci\u00f3 al territori que no segregui an\u00e0lisi i acci\u00f3, ni tampoc escales, disciplines o actors. Perqu\u00e8, en \u00faltima inst\u00e0ncia, el futur del Baix Bes\u00f2s no dependr\u00e0 nom\u00e9s del que es projecti sobre ell, sin\u00f3 de la capacitat col\u00b7lectiva de comprendre\u2019l, habitar-lo i sostenir-lo en tota la seva complexitat.<\/em><\/p>\n<\/blockquote>\n\n\n\n<p><\/p>\n","protected":false},"excerpt":{"rendered":"<p>Sostenir la transformaci\u00f3: Un recorregut per les conclusions sobre futur, sostenibilitat i identitat del Baix Bes\u00f2s *En el marc de la Jornada RUMB, es van dur a terme diverses sessions de co-creaci\u00f3 estructurades a partir de taules de treball a porta tancada, reunint perfils t\u00e8cnics de l\u2019administraci\u00f3 p\u00fablica, centres d\u2019investigaci\u00f3 i entitats socials. Les tres [&hellip;]<\/p>\n","protected":false},"author":2,"featured_media":1379,"parent":0,"menu_order":0,"comment_status":"closed","ping_status":"closed","template":"","meta":{"_themeisle_gutenberg_block_has_review":false,"footnotes":""},"class_list":["post-1371","page","type-page","status-publish","has-post-thumbnail","hentry"],"_links":{"self":[{"href":"https:\/\/rumb.upc.edu\/index.php\/wp-json\/wp\/v2\/pages\/1371","targetHints":{"allow":["GET"]}}],"collection":[{"href":"https:\/\/rumb.upc.edu\/index.php\/wp-json\/wp\/v2\/pages"}],"about":[{"href":"https:\/\/rumb.upc.edu\/index.php\/wp-json\/wp\/v2\/types\/page"}],"author":[{"embeddable":true,"href":"https:\/\/rumb.upc.edu\/index.php\/wp-json\/wp\/v2\/users\/2"}],"replies":[{"embeddable":true,"href":"https:\/\/rumb.upc.edu\/index.php\/wp-json\/wp\/v2\/comments?post=1371"}],"version-history":[{"count":53,"href":"https:\/\/rumb.upc.edu\/index.php\/wp-json\/wp\/v2\/pages\/1371\/revisions"}],"predecessor-version":[{"id":1459,"href":"https:\/\/rumb.upc.edu\/index.php\/wp-json\/wp\/v2\/pages\/1371\/revisions\/1459"}],"wp:featuredmedia":[{"embeddable":true,"href":"https:\/\/rumb.upc.edu\/index.php\/wp-json\/wp\/v2\/media\/1379"}],"wp:attachment":[{"href":"https:\/\/rumb.upc.edu\/index.php\/wp-json\/wp\/v2\/media?parent=1371"}],"curies":[{"name":"wp","href":"https:\/\/api.w.org\/{rel}","templated":true}]}}