{"id":1295,"date":"2026-02-11T09:34:05","date_gmt":"2026-02-11T09:34:05","guid":{"rendered":"https:\/\/rumb.upc.edu\/?page_id=1295"},"modified":"2026-02-11T10:21:33","modified_gmt":"2026-02-11T10:21:33","slug":"guanyadors-premis-rumb","status":"publish","type":"page","link":"https:\/\/rumb.upc.edu\/index.php\/guanyadors-premis-rumb\/","title":{"rendered":"GUANYADORS PREMIS RUMB"},"content":{"rendered":"\n<p class=\"ticss-a1dd122e\"><\/p>\n\n\n\n<div class=\"wp-block-group alignfull TR has-accent-background-color has-background has-global-padding is-layout-constrained wp-container-core-group-is-layout-f6cc5ae6 wp-block-group-is-layout-constrained\" style=\"margin-top:0;margin-bottom:0;padding-top:var(--wp--preset--spacing--30);padding-right:var(--wp--preset--spacing--50);padding-bottom:var(--wp--preset--spacing--30);padding-left:var(--wp--preset--spacing--50)\">\n<div class=\"wp-block-columns alignwide ticss-45d2f1f4 is-layout-flex wp-container-core-columns-is-layout-1da03c2a wp-block-columns-is-layout-flex\">\n<div class=\"wp-block-column is-vertically-aligned-stretch is-layout-flow wp-block-column-is-layout-flow\" style=\"flex-basis:50%\">\n<p class=\"has-mundial-font-family has-xx-large-font-size\" style=\"font-style:normal;font-weight:600;line-height:1.2\">Reconeixement especial (IES)<\/p>\n\n\n\n<p class=\"has-contrast-color has-text-color has-link-color has-small-font-size wp-elements-79f2aa7b3a08e578d2a471a6b2c69595 wp-container-content-0733e5d0\">M\u00e9s enll\u00e0 de la convocat\u00f2ria oficial, la C\u00e0tedra RUMB ha volgut atorgar un reconeixement especial al projecte d&#8217;estudis de secund\u00e0ria realitzat per l&#8217;alumnat de <strong>3er d\u2019ESO de l\u2019Institut Barres i Ones<\/strong> de Badalona.<\/p>\n\n\n\n<p class=\"has-small-font-size\">Sota el t\u00edtol <strong>\u201cTot aix\u00f2 era camp\u201d<\/strong>, aquests estudiants han col\u00b7laborat amb el Museu d\u2019Hist\u00f2ria de la Immigraci\u00f3 de Catalunya (MHIC) per documentar la transformaci\u00f3 dels barris de Llefi\u00e0, Artigues, La Salut i Sant Roc. A trav\u00e9s d&#8217;entrevistes, fotografies i v\u00eddeos, han sabut rescatar el paper fonamental de les migracions en la configuraci\u00f3 de la Badalona Sud, aportant una mem\u00f2ria hist\u00f2rica viva i necess\u00e0ria.<\/p>\n\n\n\n<div class=\"wp-block-group has-global-padding is-content-justification-left is-layout-constrained wp-container-core-group-is-layout-9fe8ed88 wp-block-group-is-layout-constrained\">\n<div class=\"wp-block-buttons is-layout-flex wp-block-buttons-is-layout-flex\">\n<div class=\"wp-block-button has-custom-width wp-block-button__width-75 is-style-fill\"><a class=\"wp-block-button__link has-base-2-color has-text-color has-background has-link-color has-small-font-size has-custom-font-size wp-element-button\" href=\"https:\/\/www.mhic.cat\/event\/inaguracio-exposicio-tot-aixo-era-camp\/\" style=\"background-color:#a04d31;padding-top:var(--wp--preset--spacing--10);padding-right:0;padding-bottom:var(--wp--preset--spacing--10);padding-left:0\" target=\"_blank\" rel=\"noreferrer noopener\"><strong>Descobreix el projecte<\/strong><\/a><\/div>\n<\/div>\n<\/div>\n<\/div>\n\n\n\n<div class=\"wp-block-column is-vertically-aligned-center is-layout-flow wp-block-column-is-layout-flow\" style=\"flex-basis:50%\">\n<figure class=\"wp-block-image size-large is-resized has-custom-border is-style-rounded is-style-rounded--1\"><img loading=\"lazy\" decoding=\"async\" width=\"724\" height=\"1024\" src=\"https:\/\/rumb.upc.edu\/wp-content\/uploads\/2026\/02\/PREMIS_RUMB_MENCIO_ESPECIAL-724x1024.jpg\" alt=\"\" class=\"wp-image-1304\" style=\"border-radius:0px;aspect-ratio:0.75;object-fit:contain;width:508px;height:auto\" srcset=\"https:\/\/rumb.upc.edu\/wp-content\/uploads\/2026\/02\/PREMIS_RUMB_MENCIO_ESPECIAL-724x1024.jpg 724w, https:\/\/rumb.upc.edu\/wp-content\/uploads\/2026\/02\/PREMIS_RUMB_MENCIO_ESPECIAL-212x300.jpg 212w, https:\/\/rumb.upc.edu\/wp-content\/uploads\/2026\/02\/PREMIS_RUMB_MENCIO_ESPECIAL-768x1086.jpg 768w, https:\/\/rumb.upc.edu\/wp-content\/uploads\/2026\/02\/PREMIS_RUMB_MENCIO_ESPECIAL-1086x1536.jpg 1086w, https:\/\/rumb.upc.edu\/wp-content\/uploads\/2026\/02\/PREMIS_RUMB_MENCIO_ESPECIAL.jpg 1414w\" sizes=\"auto, (max-width: 724px) 100vw, 724px\" \/><\/figure>\n<\/div>\n<\/div>\n<\/div>\n\n\n\n<hr class=\"wp-block-separator has-text-color has-contrast-3-color has-alpha-channel-opacity has-contrast-3-background-color has-background is-style-dots\" id=\"master\"\/>\n\n\n\n<div class=\"wp-block-group alignfull has-accent-background-color has-background has-global-padding is-layout-constrained wp-container-core-group-is-layout-f6cc5ae6 wp-block-group-is-layout-constrained\" style=\"margin-top:0;margin-bottom:0;padding-top:var(--wp--preset--spacing--30);padding-right:var(--wp--preset--spacing--50);padding-bottom:var(--wp--preset--spacing--30);padding-left:var(--wp--preset--spacing--50)\">\n<div class=\"wp-block-columns alignwide is-layout-flex wp-container-core-columns-is-layout-1da03c2a wp-block-columns-is-layout-flex\">\n<div class=\"wp-block-column is-vertically-aligned-stretch is-layout-flow wp-block-column-is-layout-flow\" style=\"flex-basis:50%\">\n<p class=\"has-mundial-font-family has-xx-large-font-size\" style=\"font-style:normal;font-weight:600;line-height:1.2\">Treball final de Grau (TFG)<\/p>\n\n\n\n<p class=\"has-contrast-color has-text-color has-link-color has-small-font-size wp-elements-5221d2f2f6b23ef5f3ceb91fd795dda9 wp-container-content-0733e5d0\">El premi al millor TFG ha estat per la <strong>Lola Tobia Rubert<\/strong>, pel seu treball <strong>\u201cRestaurar l\u2019equilibri entre el sistema fluvial i l\u2019\u00e0mbit urb\u00e0: l\u00f2giques projectuals arquitect\u00f2niques, urban\u00edstiques i paisatg\u00edstiques\u201d<\/strong>.<\/p>\n\n\n\n<p class=\"has-contrast-color has-text-color has-link-color has-small-font-size wp-elements-ccf8849155d8770d522c673cbc6be2c3 wp-container-content-0733e5d0\">El jurat ha valorat especialment la seva capacitat per abordar la complexa relaci\u00f3 entre el riu i la ciutat des d\u2019una perspectiva arquitect\u00f2nica, urban\u00edstica i paisatg\u00edstica, proposant estrat\u00e8gies que permetin restaurar l\u2019equilibri entre aquests dos \u00e0mbits de forma sostenible.<\/p>\n\n\n\n<div class=\"wp-block-group has-global-padding is-content-justification-left is-layout-constrained wp-container-core-group-is-layout-9fe8ed88 wp-block-group-is-layout-constrained\">\n<div class=\"wp-block-buttons is-layout-flex wp-block-buttons-is-layout-flex\">\n<div class=\"wp-block-button has-custom-width wp-block-button__width-75 is-style-fill\"><a class=\"wp-block-button__link has-base-2-color has-text-color has-background has-link-color has-small-font-size has-custom-font-size wp-element-button\" href=\"https:\/\/upcommons.upc.edu\/entities\/publication\/7c1c0f0c-8ca7-46be-910c-31b5ed8eb08e\" style=\"background-color:#60603c;padding-top:var(--wp--preset--spacing--10);padding-right:0;padding-bottom:var(--wp--preset--spacing--10);padding-left:0\" target=\"_blank\" rel=\"noreferrer noopener\"><strong>Descobreix el projecte<\/strong><\/a><\/div>\n<\/div>\n<\/div>\n<\/div>\n\n\n\n<div class=\"wp-block-column is-vertically-aligned-center is-layout-flow wp-block-column-is-layout-flow\" style=\"flex-basis:50%\">\n<div class=\"wp-block-cover is-light wp-duotone-unset-2\"><img loading=\"lazy\" decoding=\"async\" width=\"1024\" height=\"695\" class=\"wp-block-cover__image-background wp-image-1303 size-large\" alt=\"\" src=\"https:\/\/rumb.upc.edu\/wp-content\/uploads\/2026\/02\/PREMIS_RUMB_TFG-1024x695.jpeg\" data-object-fit=\"cover\" srcset=\"https:\/\/rumb.upc.edu\/wp-content\/uploads\/2026\/02\/PREMIS_RUMB_TFG-1024x695.jpeg 1024w, https:\/\/rumb.upc.edu\/wp-content\/uploads\/2026\/02\/PREMIS_RUMB_TFG-300x204.jpeg 300w, https:\/\/rumb.upc.edu\/wp-content\/uploads\/2026\/02\/PREMIS_RUMB_TFG-768x521.jpeg 768w, https:\/\/rumb.upc.edu\/wp-content\/uploads\/2026\/02\/PREMIS_RUMB_TFG-1536x1043.jpeg 1536w, https:\/\/rumb.upc.edu\/wp-content\/uploads\/2026\/02\/PREMIS_RUMB_TFG-2048x1390.jpeg 2048w\" sizes=\"auto, (max-width: 1024px) 100vw, 1024px\" \/><span aria-hidden=\"true\" class=\"wp-block-cover__background has-background-dim\" style=\"background-color:#e3e3e3\"><\/span><div class=\"wp-block-cover__inner-container is-layout-flow wp-block-cover-is-layout-flow\">\n<p class=\"has-text-align-center has-large-font-size\"><\/p>\n<\/div><\/div>\n<\/div>\n<\/div>\n<\/div>\n\n\n\n<hr class=\"wp-block-separator has-text-color has-contrast-3-color has-alpha-channel-opacity has-contrast-3-background-color has-background is-style-dots\" id=\"master\"\/>\n\n\n\n<div class=\"wp-block-group alignfull has-accent-background-color has-background has-global-padding is-layout-constrained wp-container-core-group-is-layout-f6cc5ae6 wp-block-group-is-layout-constrained\" style=\"margin-top:0;margin-bottom:0;padding-top:var(--wp--preset--spacing--30);padding-right:var(--wp--preset--spacing--50);padding-bottom:var(--wp--preset--spacing--30);padding-left:var(--wp--preset--spacing--50)\">\n<div class=\"wp-block-columns alignwide is-layout-flex wp-container-core-columns-is-layout-1da03c2a wp-block-columns-is-layout-flex\">\n<div class=\"wp-block-column is-vertically-aligned-stretch is-layout-flow wp-block-column-is-layout-flow\" style=\"flex-basis:50%\">\n<p class=\"has-mundial-font-family has-xx-large-font-size\" style=\"font-style:normal;font-weight:600;line-height:1.2\">Treball final de M\u00e0ster (TFM)<\/p>\n\n\n\n<p class=\"has-contrast-color has-text-color has-link-color has-small-font-size wp-elements-154f76b54fa77158bd4ff0eedfa0e130 wp-container-content-0733e5d0\">Els premiats han estat l\u2019<strong>Oriol Cruz Trull\u00e0s i la J\u00falia de la Fuente Carbonero<\/strong>, autors del projecte <strong>\u201cISAURA, Recuperar la cultura de l\u2019aigua des de les comunitats h\u00eddriques urbanes\u201d<\/strong>. El jurat ha destacat d&#8217;aquest treball diversos aspectes:<\/p>\n\n\n\n<ul class=\"wp-block-list\">\n<li>La interescalaritat de la proposta.<\/li>\n\n\n\n<li>La seva capacitat per visibilitzar la urg\u00e8ncia de la gesti\u00f3 de l&#8217;aigua.<\/li>\n\n\n\n<li>El bon equilibri entre l\u2019an\u00e0lisi i la proposta.<\/li>\n\n\n\n<li>La claredat del seu posicionament i missatge.<\/li>\n\n\n\n<li>La qualitat formal, tant en el relat escrit com en la pot\u00e8ncia de la seva part gr\u00e0fica.<\/li>\n<\/ul>\n\n\n\n<div class=\"wp-block-group has-global-padding is-content-justification-left is-layout-constrained wp-container-core-group-is-layout-9fe8ed88 wp-block-group-is-layout-constrained\">\n<div class=\"wp-block-buttons is-layout-flex wp-block-buttons-is-layout-flex\">\n<div class=\"wp-block-button has-custom-width wp-block-button__width-75 is-style-fill\"><a class=\"wp-block-button__link has-base-2-color has-text-color has-background has-link-color has-small-font-size has-custom-font-size wp-element-button\" href=\"https:\/\/upcommons.upc.edu\/entities\/publication\/646dca9a-edad-47f8-b3d0-11ffcc0920a9\" style=\"background-color:#395057;padding-top:var(--wp--preset--spacing--10);padding-right:0;padding-bottom:var(--wp--preset--spacing--10);padding-left:0\" target=\"_blank\" rel=\"noreferrer noopener\"><strong>Descobreix el projecte<\/strong><\/a><\/div>\n<\/div>\n<\/div>\n<\/div>\n\n\n\n<div class=\"wp-block-column is-vertically-aligned-center is-layout-flow wp-block-column-is-layout-flow\" style=\"flex-basis:50%\">\n<figure class=\"wp-block-image size-large is-resized has-custom-border is-style-rounded is-style-rounded--3\"><img loading=\"lazy\" decoding=\"async\" width=\"707\" height=\"1024\" src=\"https:\/\/rumb.upc.edu\/wp-content\/uploads\/2026\/02\/PREMIS_RUMB_TFM-707x1024.png\" alt=\"\" class=\"wp-image-1302\" style=\"border-radius:0px;aspect-ratio:0.75;object-fit:contain;width:508px;height:auto\" srcset=\"https:\/\/rumb.upc.edu\/wp-content\/uploads\/2026\/02\/PREMIS_RUMB_TFM-707x1024.png 707w, https:\/\/rumb.upc.edu\/wp-content\/uploads\/2026\/02\/PREMIS_RUMB_TFM-207x300.png 207w, https:\/\/rumb.upc.edu\/wp-content\/uploads\/2026\/02\/PREMIS_RUMB_TFM-768x1113.png 768w, https:\/\/rumb.upc.edu\/wp-content\/uploads\/2026\/02\/PREMIS_RUMB_TFM-1060x1536.png 1060w, https:\/\/rumb.upc.edu\/wp-content\/uploads\/2026\/02\/PREMIS_RUMB_TFM.png 1241w\" sizes=\"auto, (max-width: 707px) 100vw, 707px\" \/><\/figure>\n<\/div>\n<\/div>\n<\/div>\n\n\n\n<hr class=\"wp-block-separator has-text-color has-contrast-3-color has-alpha-channel-opacity has-contrast-3-background-color has-background is-style-dots\" style=\"margin-top:var(--wp--preset--spacing--20);margin-bottom:var(--wp--preset--spacing--20)\" id=\"grau\"\/>\n\n\n\n<div class=\"wp-block-buttons is-content-justification-center is-layout-flex wp-container-core-buttons-is-layout-a89b3969 wp-block-buttons-is-layout-flex\">\n<div class=\"wp-block-button has-custom-width wp-block-button__width-50\"><a class=\"wp-block-button__link has-base-2-color has-text-color has-background has-link-color has-medium-font-size has-custom-font-size wp-element-button\" href=\"https:\/\/rumb.upc.edu\/wp-content\/uploads\/2026\/02\/ACTA-CONCURS-CATEDRA-RUMB_sDM.pdf\" style=\"background-color:#a04d31\" target=\"_blank\" rel=\"noreferrer noopener\"><strong>ACTA OFICIAL<\/strong><\/a><\/div>\n<\/div>\n\n\n\n<p><\/p>\n","protected":false},"excerpt":{"rendered":"<p>Reconeixement especial (IES) M\u00e9s enll\u00e0 de la convocat\u00f2ria oficial, la C\u00e0tedra RUMB ha volgut atorgar un reconeixement especial al projecte d&#8217;estudis de secund\u00e0ria realitzat per l&#8217;alumnat de 3er d\u2019ESO de l\u2019Institut Barres i Ones de Badalona. Sota el t\u00edtol \u201cTot aix\u00f2 era camp\u201d, aquests estudiants han col\u00b7laborat amb el Museu d\u2019Hist\u00f2ria de la Immigraci\u00f3 de [&hellip;]<\/p>\n","protected":false},"author":2,"featured_media":0,"parent":0,"menu_order":0,"comment_status":"closed","ping_status":"closed","template":"page-no-title","meta":{"_themeisle_gutenberg_block_has_review":false,"footnotes":""},"class_list":["post-1295","page","type-page","status-publish","hentry"],"_links":{"self":[{"href":"https:\/\/rumb.upc.edu\/index.php\/wp-json\/wp\/v2\/pages\/1295","targetHints":{"allow":["GET"]}}],"collection":[{"href":"https:\/\/rumb.upc.edu\/index.php\/wp-json\/wp\/v2\/pages"}],"about":[{"href":"https:\/\/rumb.upc.edu\/index.php\/wp-json\/wp\/v2\/types\/page"}],"author":[{"embeddable":true,"href":"https:\/\/rumb.upc.edu\/index.php\/wp-json\/wp\/v2\/users\/2"}],"replies":[{"embeddable":true,"href":"https:\/\/rumb.upc.edu\/index.php\/wp-json\/wp\/v2\/comments?post=1295"}],"version-history":[{"count":10,"href":"https:\/\/rumb.upc.edu\/index.php\/wp-json\/wp\/v2\/pages\/1295\/revisions"}],"predecessor-version":[{"id":1323,"href":"https:\/\/rumb.upc.edu\/index.php\/wp-json\/wp\/v2\/pages\/1295\/revisions\/1323"}],"wp:attachment":[{"href":"https:\/\/rumb.upc.edu\/index.php\/wp-json\/wp\/v2\/media?parent=1295"}],"curies":[{"name":"wp","href":"https:\/\/api.w.org\/{rel}","templated":true}]}}